{"id":14,"date":"2021-01-16T15:55:30","date_gmt":"2021-01-16T15:55:30","guid":{"rendered":"https:\/\/www.markkurantahalvari.fi\/?page_id=14"},"modified":"2025-01-23T15:48:37","modified_gmt":"2025-01-23T15:48:37","slug":"tietoja","status":"publish","type":"page","link":"https:\/\/www.markkurantahalvari.fi\/?page_id=14","title":{"rendered":"Tietoja"},"content":{"rendered":"<p>[et_pb_section fb_built=&#8221;1&#8243; disabled_on=&#8221;on|on|off&#8221; _builder_version=&#8221;4.8.1&#8243; _module_preset=&#8221;default&#8221; background_color=&#8221;#9e9e9e&#8221; min_height=&#8221;552px&#8221; height=&#8221;516px&#8221; max_height=&#8221;643px&#8221; custom_margin=&#8221;||-453px|||&#8221; custom_padding=&#8221;19px||0px|||&#8221;][\/et_pb_section][et_pb_section fb_built=&#8221;1&#8243; admin_label=&#8221;Section&#8221; _builder_version=&#8221;4.8.1&#8243; _module_preset=&#8221;default&#8221; min_height=&#8221;9726.1px&#8221; custom_margin=&#8221;-10px|||||&#8221; custom_padding=&#8221;50px|||||&#8221;][et_pb_row _builder_version=&#8221;4.8.1&#8243; _module_preset=&#8221;default&#8221;][et_pb_column type=&#8221;4_4&#8243; _builder_version=&#8221;4.8.1&#8243; _module_preset=&#8221;default&#8221;][et_pb_vertical_timeline title=&#8221;Aikajanani&#8221; line_color=&#8221;#E09900&#8243; _builder_version=&#8221;4.8.1&#8243; _module_preset=&#8221;default&#8221; text_font=&#8221;Barlow||||||||&#8221; headings_font=&#8221;Barlow Semi Condensed||||||||&#8221; hover_enabled=&#8221;0&#8243; sticky_enabled=&#8221;0&#8243;][et_pb_vertical_timeline_item title=&#8221;Opiskelijoiden Liikuntaliitto, koulutus- ja tapahtuma-asiantuntija&#8221; _builder_version=&#8221;4.8.1&#8243; _module_preset=&#8221;default&#8221;]Vuodesta 2018 asti olen ty\u00f6skennellyt opiskelijaliikunnan parissa. Vastuulleni kuuluu kouluttaminen, koulutusten suunnittelu, ymp\u00e4rist\u00f6vastuu ja kilpailutapahtumien koordinoiminen EM-tasolle saakka.<\/p>\n<p><img decoding=\"async\" loading=\"lazy\" class=\"wp-image-218 alignnone size-medium\" src=\"https:\/\/www.markkurantahalvari.fi\/wp-content\/uploads\/2021\/01\/OLL_logo_cmyk-300x294.png\" alt=\"\" width=\"300\" height=\"294\" srcset=\"https:\/\/www.markkurantahalvari.fi\/wp-content\/uploads\/2021\/01\/OLL_logo_cmyk-300x294.png 300w, https:\/\/www.markkurantahalvari.fi\/wp-content\/uploads\/2021\/01\/OLL_logo_cmyk.png 466w\" sizes=\"(max-width: 300px) 100vw, 300px\" \/>[\/et_pb_vertical_timeline_item][et_pb_vertical_timeline_item title=&#8221;Luottamustoimet ja poliittiset ty\u00f6ryhm\u00e4t&#8221; _builder_version=&#8221;4.8.1&#8243; _module_preset=&#8221;default&#8221; hover_enabled=&#8221;0&#8243; sticky_enabled=&#8221;0&#8243;]<\/p>\n<p>Helsingin kaupunginvaltuusto, varaj\u00e4sen, 2021-<\/p>\n<p>Helsingin kasvatus- ja koulutuslautakunta, j\u00e4sen, 2021-<\/p>\n<p>Helsinginniemen sosiaalidemokraatit, puheenjohtaja 2025-, johtokunnan j\u00e4sen, 2022-2024<\/p>\n<p>Suomen nyrkkeilyliitto, hallituksen j\u00e4sen, 2023-<\/p>\n<p>Mannerheimin lastensuojeluliiton Uudenmaan piiri, hallituksen j\u00e4sen 2025-<\/p>\n<p>Liikuntapoliittinen ty\u00f6ryhm\u00e4, sihteeri 2019-<\/p>\n<p><strong>Menneet<br \/>\n<\/strong>Maa- ja mets\u00e4talousty\u00f6ryhm\u00e4, j\u00e4sen, 2018-2023<strong><br \/>\n<\/strong>T\u00f6\u00f6l\u00f6n demarit, johtokunnan j\u00e4sen 2018-2019<br \/>\nKanta-Helsingin sosiaalidemokraatit, varapuheenjohtaja 2020-2021<\/p>\n<p>[\/et_pb_vertical_timeline_item][et_pb_vertical_timeline_item title=&#8221;Rekku Rescue -sijaiskoti kissoille&#8221; _builder_version=&#8221;4.8.1&#8243; _module_preset=&#8221;default&#8221;]<span style=\"font-weight: 400;\"><img decoding=\"async\" loading=\"lazy\" class=\"wp-image-188 alignnone size-medium\" src=\"https:\/\/www.markkurantahalvari.fi\/wp-content\/uploads\/2021\/01\/IMG_4826-300x200.jpg\" alt=\"\" width=\"300\" height=\"200\" \/><\/span><\/p>\n<p><span style=\"font-weight: 400;\">T\u00e4h\u00e4n menness\u00e4 kuusitoista l\u00f6yt\u00f6kissaa on k\u00e4ynyt meid\u00e4n sijaiskodissa harjottelemassa kotikissailua ennen uuden lopullisen kodin l\u00f6ytymist\u00e4.<\/span>[\/et_pb_vertical_timeline_item][et_pb_vertical_timeline_item title=&#8221;Harrastukset&#8221; _builder_version=&#8221;4.8.1&#8243; _module_preset=&#8221;default&#8221;]Kilpaurheilu on saanut j\u00e4\u00e4d\u00e4 ja nyky\u00e4\u00e4n liikun omaksi ilokseni. Kes\u00e4isin suunnistusmets\u00e4t kutsuvat, talvisin pallopelit ja kuntosali.<\/p>\n<p>Muita harrastuksiani ovat lintujen bongaus ja historia.<\/p>\n<p><img decoding=\"async\" loading=\"lazy\" class=\"wp-image-190 alignnone size-medium\" src=\"https:\/\/www.markkurantahalvari.fi\/wp-content\/uploads\/2021\/01\/DSC00737-200x300.jpg\" alt=\"\" width=\"200\" height=\"300\" \/>[\/et_pb_vertical_timeline_item][et_pb_vertical_timeline_item title=&#8221;SDP:n j\u00e4seneksi 2017&#8243; _builder_version=&#8221;4.8.1&#8243; _module_preset=&#8221;default&#8221;]Olen ollut Kanta-Helsingin demarien j\u00e4sen vuodesta 2017. Vuodet 2018-2020 olin johtokunnan j\u00e4sen ja vuodesta 2021 varapuheenjohtaja. Yhdistytty\u00e4mme Helsinginniemen demareiksi 2023, olen toiminut johtokunnan j\u00e4senen\u00e4 vuoteen 2025. Vuodesta 2025 olen toiminut puolueosaston puheenjohtajana.[\/et_pb_vertical_timeline_item][et_pb_vertical_timeline_item title=&#8221;Opettajat ilman rajoja, Uganda 2017&#8243; _builder_version=&#8221;4.8.1&#8243; _module_preset=&#8221;default&#8221; link_option_url=&#8221;https:\/\/www.youtube.com\/channel\/UC4nvUittWvIZt4SvyqmGIvw\/featured&#8221; link_option_url_new_window=&#8221;on&#8221;]<span style=\"font-weight: 400;\"><img decoding=\"async\" loading=\"lazy\" class=\"wp-image-192 alignnone size-medium\" src=\"https:\/\/www.markkurantahalvari.fi\/wp-content\/uploads\/2021\/01\/19025225_1923454177940260_2439958949295026555_o-300x300.jpg\" alt=\"\" width=\"300\" height=\"300\" \/><br \/>\nKoulutin opettajia oppimisvaikeuksista ja valmistelin uutta projektia seuraajilleni. Ty\u00f6skentelin Lyantondessa ja L\u00e4nsi-Niilill\u00e4 Aruassa.<\/span><\/p>\n<p>Palattuani toimin vuoden Mobile mentor -ohjelmassa, jossa Suomesta k\u00e4sin mentoroin ugandalaisia opettajia.<\/p>\n<p>Voit katsoa Ugandasta kertovaa vlogiani Youtubesta painamalla <span style=\"color: #008080;\">t\u00e4t\u00e4 teksti\u00e4.<\/span>[\/et_pb_vertical_timeline_item][et_pb_vertical_timeline_item title=&#8221;Naimisiin 2016&#8243; _builder_version=&#8221;4.8.1&#8243; _module_preset=&#8221;default&#8221;]Sukunimeni vaihtui Salmesta Rantahalvariksi. Sukunimi tulee vaimoni \u00e4idin puolelta Lapista.<\/p>\n<p><img decoding=\"async\" loading=\"lazy\" class=\"wp-image-212 alignnone size-medium\" src=\"https:\/\/www.markkurantahalvari.fi\/wp-content\/uploads\/2021\/01\/A154755-2-225x300.jpg\" alt=\"\" width=\"225\" height=\"300\" \/>[\/et_pb_vertical_timeline_item][et_pb_vertical_timeline_item title=&#8221;Amerikkalaisen jalkapallon Suomen mestaruus 2016&#8243; _builder_version=&#8221;4.8.1&#8243; _module_preset=&#8221;default&#8221;]Kaudella 2016 olin voittamassa Roostersin paidassa Vaahteraliigaa. Aiemmin olin pelannut Helsinki 69ersissa ja Turun yliopiston joukkueessa.<\/p>\n<p><img decoding=\"async\" loading=\"lazy\" class=\"wp-image-195 alignnone size-medium\" src=\"https:\/\/www.markkurantahalvari.fi\/wp-content\/uploads\/2021\/01\/14257661_10154212293019279_1341893030820413619_o-300x300.jpg\" alt=\"\" width=\"300\" height=\"300\" \/>[\/et_pb_vertical_timeline_item][et_pb_vertical_timeline_item title=&#8221;Projektivastaava Helsingin seudun erilaiset oppijat ry&#8221; _builder_version=&#8221;4.8.1&#8243; _module_preset=&#8221;default&#8221;]<span style=\"font-weight: 400;\">Ty\u00f6skentelin vuosina 2015-17 suuntaa etsiville nuorille tarkoitetun projektin ohjaajana ja vastaavana sek\u00e4 oppimisvaikeuksien parissa erilaisissa ty\u00f6teht\u00e4viss\u00e4.<\/span><\/p>\n<p><span style=\"font-weight: 400;\"><img decoding=\"async\" loading=\"lazy\" class=\"wp-image-216 alignnone size-medium\" src=\"https:\/\/www.markkurantahalvari.fi\/wp-content\/uploads\/2021\/01\/hero-logo-300x114.png\" alt=\"\" width=\"300\" height=\"114\" srcset=\"https:\/\/www.markkurantahalvari.fi\/wp-content\/uploads\/2021\/01\/hero-logo-300x114.png 300w, https:\/\/www.markkurantahalvari.fi\/wp-content\/uploads\/2021\/01\/hero-logo.png 364w\" sizes=\"(max-width: 300px) 100vw, 300px\" \/><\/span>[\/et_pb_vertical_timeline_item][et_pb_vertical_timeline_item title=&#8221;Pes\u00e4palloseura Puna-Mustat toiminnanjohtaja&#8221; _builder_version=&#8221;4.8.1&#8243; _module_preset=&#8221;default&#8221;]Ensimm\u00e4inen ty\u00f6ni Helsinkiin muuton j\u00e4lkeen oli pes\u00e4palloseurassa. P\u00e4\u00e4asiassa ty\u00f6skentelin junioripuolella vuodesta 2014 vuoteen 2015.<\/p>\n<p><img decoding=\"async\" loading=\"lazy\" class=\"wp-image-198 alignnone size-medium\" src=\"https:\/\/www.markkurantahalvari.fi\/wp-content\/uploads\/2021\/01\/IMG_20200928_125035-225x300.jpg\" alt=\"\" width=\"225\" height=\"300\" \/>[\/et_pb_vertical_timeline_item][et_pb_vertical_timeline_item title=&#8221;Filosofian maisteri, Suomen historia, Turun yliopisto&#8221; _builder_version=&#8221;4.8.1&#8243; _module_preset=&#8221;default&#8221;]Valmistuin vuonna 2013 joulukuussa.<\/p>\n<p>P\u00e4\u00e4aine: Suomen historia<\/p>\n<p>Pitk\u00e4 sivuaine: kasvatustiede\/opettajan pedagogiset opinnot ja mediatutkimus<\/p>\n<p>Sivuaine: suomen kieli, unkarin kieli ja kulttuuri[\/et_pb_vertical_timeline_item][et_pb_vertical_timeline_item title=&#8221;Harjoittelu Suomen suurl\u00e4hetyst\u00f6 Zagreb 2012&#8243; _builder_version=&#8221;4.8.1&#8243; _module_preset=&#8221;default&#8221;]<span style=\"font-weight: 400;\">Hienot kuukaudet diplomatian ytimess\u00e4. Teht\u00e4v\u00e4nkuvaani kuuluivat riskiarvion tekeminen nykyisest\u00e4 Pohjois-Makedoniasta, raportti serbipakolaisten tilanteesta Kroatiassa, mediatarkkailu ja muun muassa joulupukkina toimiminen.<\/span><\/p>\n<p><span style=\"font-weight: 400;\"><img decoding=\"async\" loading=\"lazy\" class=\"wp-image-201 alignnone size-medium\" src=\"https:\/\/www.markkurantahalvari.fi\/wp-content\/uploads\/2021\/01\/UNDP3_LI-300x181.jpg\" alt=\"\" width=\"300\" height=\"181\" \/><\/span>[\/et_pb_vertical_timeline_item][et_pb_vertical_timeline_item title=&#8221;Pakolaisohjaaja ja y\u00f6vahti SPR:n Pansion vastaanottokeskus&#8221; _builder_version=&#8221;4.8.1&#8243; _module_preset=&#8221;default&#8221;]Nelj\u00e4 vuotta 2010-2014 ty\u00f6skentelin opintojeni ohessa ja opintojen loppuvaiheessa t\u00e4ysp\u00e4iv\u00e4isen\u00e4.<\/p>\n<p><img decoding=\"async\" loading=\"lazy\" class=\"wp-image-217 alignnone size-medium\" src=\"https:\/\/www.markkurantahalvari.fi\/wp-content\/uploads\/2021\/01\/spr-logo-300x148.png\" alt=\"\" width=\"300\" height=\"148\" srcset=\"https:\/\/www.markkurantahalvari.fi\/wp-content\/uploads\/2021\/01\/spr-logo-300x148.png 300w, https:\/\/www.markkurantahalvari.fi\/wp-content\/uploads\/2021\/01\/spr-logo.png 320w\" sizes=\"(max-width: 300px) 100vw, 300px\" \/>[\/et_pb_vertical_timeline_item][et_pb_vertical_timeline_item title=&#8221;Opetusteht\u00e4v\u00e4t&#8221; _builder_version=&#8221;4.8.1&#8243; _module_preset=&#8221;default&#8221;]<span style=\"font-weight: 400;\">Historian aineenopettajan auskultointi, erityisopettajan, luokanopettajan ja koulunk\u00e4ynninohjaajan sijaisuuksia vuosina 2008-2012. Lis\u00e4ksi olen opettanut valmennuskursseilla abeja ja yliopistoon pyrkineit\u00e4.<\/span>[\/et_pb_vertical_timeline_item][et_pb_vertical_timeline_item title=&#8221;Viestint\u00e4ty\u00f6t&#8221; _builder_version=&#8221;4.8.1&#8243; _module_preset=&#8221;default&#8221;]<span style=\"font-weight: 400;\">Opiskelut aloitin ajatuksella, ett\u00e4 minusta tulee toimittaja. Tein freelancer-t\u00f6it\u00e4 erilaisiin lehtiin,\u00a0 olin Allsvenskan-vastaavana jalkapalloaiheisessa nettilehdess\u00e4 ja sosiaalisen median vastaavana salibandyseura Westend Indiansissa.<\/span>[\/et_pb_vertical_timeline_item][et_pb_vertical_timeline_item title=&#8221;Pys\u00e4k\u00f6innintarkastaja Naantali 2008&#8243; _builder_version=&#8221;4.8.1&#8243; _module_preset=&#8221;default&#8221;]T\u00e4ss\u00e4 ty\u00f6ss\u00e4 ei herkk\u00e4hipi\u00e4isen\u00e4 p\u00e4rj\u00e4\u00e4. Opin ainakin palautteen vastaanoton jalon taidon.<\/p>\n<p><img decoding=\"async\" loading=\"lazy\" class=\"wp-image-204 alignnone size-medium\" src=\"https:\/\/www.markkurantahalvari.fi\/wp-content\/uploads\/2021\/01\/17072008002_LI-300x225.jpg\" alt=\"\" width=\"300\" height=\"225\" \/>[\/et_pb_vertical_timeline_item][et_pb_vertical_timeline_item title=&#8221;Vanginvartija Kakola Turku 2007&#8243; _builder_version=&#8221;4.8.1&#8243; _module_preset=&#8221;default&#8221;]Todella mielenkiintoinen\u00a0 ja opettava ty\u00f6. Avasi silmi\u00e4 vankeinhoidosta.<\/p>\n<p><img decoding=\"async\" loading=\"lazy\" class=\"wp-image-205 alignnone size-medium\" src=\"https:\/\/www.markkurantahalvari.fi\/wp-content\/uploads\/2021\/01\/pamppu-017-300x225.jpg\" alt=\"\" width=\"300\" height=\"225\" \/>[\/et_pb_vertical_timeline_item][et_pb_vertical_timeline_item title=&#8221;Muutot ja toimistokalusteiden asennus, Martela 2006-2007&#8243; _builder_version=&#8221;4.8.1&#8243; _module_preset=&#8221;default&#8221;][\/et_pb_vertical_timeline_item][et_pb_vertical_timeline_item title=&#8221;Opinnot alkavat Turun yliopistolla 2005&#8243; _builder_version=&#8221;4.8.1&#8243; _module_preset=&#8221;default&#8221;]<img decoding=\"async\" loading=\"lazy\" class=\"wp-image-211 alignnone size-medium\" src=\"https:\/\/www.markkurantahalvari.fi\/wp-content\/uploads\/2021\/01\/IMG_3568-300x200.jpg\" alt=\"\" width=\"300\" height=\"200\" \/>[\/et_pb_vertical_timeline_item][et_pb_vertical_timeline_item title=&#8221;Nokia, Salon tehdas 2005&#8243; _builder_version=&#8221;4.8.1&#8243; _module_preset=&#8221;default&#8221;]Puhelimien koonti linjastolla. Koska ty\u00f6 oli vuokraty\u00f6nv\u00e4lityksen kautta tein kev\u00e4\u00e4n aikana t\u00f6it\u00e4 my\u00f6s muissa firmoissa mm. rakennusty\u00f6maalla ja elintarvikealalla t\u00f6it\u00e4. P\u00e4\u00e4asiassa kuitenkin Nokialla.[\/et_pb_vertical_timeline_item][et_pb_vertical_timeline_item title=&#8221;Rauhanturvaaja UNMEE-operaatio&#8221; _builder_version=&#8221;4.8.1&#8243; _module_preset=&#8221;default&#8221;]Vuonna 2004 olin ryhm\u00e4n varajohtajana It\u00e4-Afrikassa Eritreassa ja Etiopiassa YK-operaatiossa. P\u00e4\u00e4asiallisesti toimipaikkani oli Asmarassa Eritrean p\u00e4\u00e4kaupungissa. T\u00e4m\u00e4 oli ty\u00f6kokemus, joka muuti paljon ajatteluani ja vaikutti nuoreen mieheen vahvasti.[\/et_pb_vertical_timeline_item][et_pb_vertical_timeline_item title=&#8221;Huoltamoty\u00f6ntekij\u00e4 Teboil 2003-2004&#8243; _builder_version=&#8221;4.8.1&#8243; _module_preset=&#8221;default&#8221;][\/et_pb_vertical_timeline_item][et_pb_vertical_timeline_item title=&#8221;Varusmiespalvelus, Porin prikaati 2002-2003&#8243; _builder_version=&#8221;4.8.1&#8243; _module_preset=&#8221;default&#8221;]Siirryin siviiliin kersanttina. Rauhanturvaty\u00f6n ja kertausharjoitusten kautta sotilasarvoni on nyky\u00e4\u00e4n v\u00e4\u00e4peli. Siihen se on hyv\u00e4 lopettaa lapsuuden suosikki elokuvien V\u00e4\u00e4peli K\u00f6rmyn hengess\u00e4.[\/et_pb_vertical_timeline_item][et_pb_vertical_timeline_item title=&#8221;Ylioppilaaksi Paimion lukiosta 2002&#8243; _builder_version=&#8221;4.8.1&#8243; _module_preset=&#8221;default&#8221;][\/et_pb_vertical_timeline_item][et_pb_vertical_timeline_item title=&#8221;Mainosten jakaja ja siivooja 1998-2002&#8243; _builder_version=&#8221;4.8.1&#8243; _module_preset=&#8221;default&#8221;]<span style=\"font-weight: 400;\">Yl\u00e4asteen ja lukion aikana tein ymp\u00e4ri vuoden t\u00f6it\u00e4 siivoamalla toimistoja ja teollisuushalleja sek\u00e4 jakamalla mainoksia.<\/span>[\/et_pb_vertical_timeline_item][et_pb_vertical_timeline_item title=&#8221;Kilpaurheilua 1997-2016&#8243; _builder_version=&#8221;4.8.1&#8243; _module_preset=&#8221;default&#8221;]Suunnistin kilpaa lapsuudesta noin armeijaik\u00e4iseksi. En ylt\u00e4nyt suureen menestykseen valmennuksesta huolimatta ja siirryin salibandyn pariin.<\/p>\n<p>Salibandyssa parhaat suoritukset olivat my\u00f6s juniorisarjoista. Aikuisissa pelasin eri divisioonatasoilla.<\/p>\n<p>Amerikkalaista jalkapalloa aloin pelata opiskeluaikana. Siit\u00e4 j\u00e4i k\u00e4teen yksi suomenmestaruus ja kuusi opiskelijoiden suomenmestaruutta pelaajana ja valmentajana sek\u00e4 yksi hopea.[\/et_pb_vertical_timeline_item][et_pb_vertical_timeline_item title=&#8221;Syntynyt 1983&#8243; _builder_version=&#8221;4.8.1&#8243; _module_preset=&#8221;default&#8221;]Synnyin Heidekenill\u00e4 Turussa. Lapsuuteni asuin Turussa, Raisiossa ja Paimiossa.[\/et_pb_vertical_timeline_item][\/et_pb_vertical_timeline][\/et_pb_column][\/et_pb_row][\/et_pb_section]<\/p>\n","protected":false},"excerpt":{"rendered":"<p>[et_pb_section fb_built=&#8221;1&#8243; disabled_on=&#8221;on|on|off&#8221; _builder_version=&#8221;4.8.1&#8243; _module_preset=&#8221;default&#8221; background_color=&#8221;#9e9e9e&#8221; min_height=&#8221;552px&#8221; height=&#8221;516px&#8221; max_height=&#8221;643px&#8221; custom_margin=&#8221;||-453px|||&#8221; custom_padding=&#8221;19px||0px|||&#8221;][\/et_pb_section][et_pb_section fb_built=&#8221;1&#8243; admin_label=&#8221;Section&#8221; _builder_version=&#8221;4.8.1&#8243; _module_preset=&#8221;default&#8221; min_height=&#8221;9726.1px&#8221; custom_margin=&#8221;-10px|||||&#8221; custom_padding=&#8221;50px|||||&#8221;][et_pb_row _builder_version=&#8221;4.8.1&#8243; _module_preset=&#8221;default&#8221;][et_pb_column type=&#8221;4_4&#8243; _builder_version=&#8221;4.8.1&#8243; _module_preset=&#8221;default&#8221;][et_pb_vertical_timeline title=&#8221;Aikajanani&#8221; line_color=&#8221;#E09900&#8243; _builder_version=&#8221;4.8.1&#8243; _module_preset=&#8221;default&#8221; text_font=&#8221;Barlow||||||||&#8221; headings_font=&#8221;Barlow Semi Condensed||||||||&#8221; hover_enabled=&#8221;0&#8243; sticky_enabled=&#8221;0&#8243;][et_pb_vertical_timeline_item title=&#8221;Opiskelijoiden Liikuntaliitto, koulutus- ja tapahtuma-asiantuntija&#8221; _builder_version=&#8221;4.8.1&#8243; _module_preset=&#8221;default&#8221;]Vuodesta 2018 asti olen ty\u00f6skennellyt opiskelijaliikunnan parissa. Vastuulleni kuuluu kouluttaminen, koulutusten suunnittelu, ymp\u00e4rist\u00f6vastuu ja kilpailutapahtumien koordinoiminen [&hellip;]<\/p>\n","protected":false},"author":1,"featured_media":0,"parent":0,"menu_order":0,"comment_status":"closed","ping_status":"closed","template":"","meta":{"_et_pb_use_builder":"on","_et_pb_old_content":"","_et_gb_content_width":""},"yoast_head":"<!-- This site is optimized with the Yoast SEO plugin v15.7 - https:\/\/yoast.com\/wordpress\/plugins\/seo\/ -->\n<title>Tietoja - Markku Rantahalvari<\/title>\n<meta name=\"robots\" content=\"index, follow, max-snippet:-1, max-image-preview:large, max-video-preview:-1\" \/>\n<link rel=\"canonical\" href=\"https:\/\/www.markkurantahalvari.fi\/?page_id=14\" \/>\n<meta property=\"og:locale\" content=\"en_US\" \/>\n<meta property=\"og:type\" content=\"article\" \/>\n<meta property=\"og:title\" content=\"Tietoja - Markku Rantahalvari\" \/>\n<meta property=\"og:description\" content=\"[et_pb_section fb_built=&#8221;1&#8243; disabled_on=&#8221;on|on|off&#8221; _builder_version=&#8221;4.8.1&#8243; _module_preset=&#8221;default&#8221; background_color=&#8221;#9e9e9e&#8221; min_height=&#8221;552px&#8221; height=&#8221;516px&#8221; max_height=&#8221;643px&#8221; custom_margin=&#8221;||-453px|||&#8221; custom_padding=&#8221;19px||0px|||&#8221;][\/et_pb_section][et_pb_section fb_built=&#8221;1&#8243; admin_label=&#8221;Section&#8221; _builder_version=&#8221;4.8.1&#8243; _module_preset=&#8221;default&#8221; min_height=&#8221;9726.1px&#8221; custom_margin=&#8221;-10px|||||&#8221; custom_padding=&#8221;50px|||||&#8221;][et_pb_row _builder_version=&#8221;4.8.1&#8243; _module_preset=&#8221;default&#8221;][et_pb_column type=&#8221;4_4&#8243; _builder_version=&#8221;4.8.1&#8243; _module_preset=&#8221;default&#8221;][et_pb_vertical_timeline title=&#8221;Aikajanani&#8221; line_color=&#8221;#E09900&#8243; _builder_version=&#8221;4.8.1&#8243; _module_preset=&#8221;default&#8221; text_font=&#8221;Barlow||||||||&#8221; headings_font=&#8221;Barlow Semi Condensed||||||||&#8221; hover_enabled=&#8221;0&#8243; sticky_enabled=&#8221;0&#8243;][et_pb_vertical_timeline_item title=&#8221;Opiskelijoiden Liikuntaliitto, koulutus- ja tapahtuma-asiantuntija&#8221; _builder_version=&#8221;4.8.1&#8243; _module_preset=&#8221;default&#8221;]Vuodesta 2018 asti olen ty\u00f6skennellyt opiskelijaliikunnan parissa. Vastuulleni kuuluu kouluttaminen, koulutusten suunnittelu, ymp\u00e4rist\u00f6vastuu ja kilpailutapahtumien koordinoiminen [&hellip;]\" \/>\n<meta property=\"og:url\" content=\"https:\/\/www.markkurantahalvari.fi\/?page_id=14\" \/>\n<meta property=\"og:site_name\" content=\"Markku Rantahalvari\" \/>\n<meta property=\"article:modified_time\" content=\"2025-01-23T15:48:37+00:00\" \/>\n<meta property=\"og:image\" content=\"https:\/\/www.markkurantahalvari.fi\/wp-content\/uploads\/2021\/01\/OLL_logo_cmyk-300x294.png\" \/>\n<meta name=\"twitter:card\" content=\"summary_large_image\" \/>\n<meta name=\"twitter:label1\" content=\"Est. reading time\">\n\t<meta name=\"twitter:data1\" content=\"6 minutes\">\n<script type=\"application\/ld+json\" class=\"yoast-schema-graph\">{\"@context\":\"https:\/\/schema.org\",\"@graph\":[{\"@type\":[\"Person\",\"Organization\"],\"@id\":\"https:\/\/www.markkurantahalvari.fi\/#\/schema\/person\/f0bd9051156941bb22a8160bb417fbb2\",\"name\":\"MarkkuRan\",\"image\":{\"@type\":\"ImageObject\",\"@id\":\"https:\/\/www.markkurantahalvari.fi\/#personlogo\",\"inLanguage\":\"en-US\",\"url\":\"https:\/\/secure.gravatar.com\/avatar\/bd2d4048a8d15cb119733976c5878a9c?s=96&d=mm&r=g\",\"caption\":\"MarkkuRan\"},\"logo\":{\"@id\":\"https:\/\/www.markkurantahalvari.fi\/#personlogo\"},\"sameAs\":[\"https:\/\/www.markkurantahalvari.fi\"]},{\"@type\":\"WebSite\",\"@id\":\"https:\/\/www.markkurantahalvari.fi\/#website\",\"url\":\"https:\/\/www.markkurantahalvari.fi\/\",\"name\":\"Markku Rantahalvari\",\"description\":\"Kasvatus- ja koulutuslautakunnan j&auml;sen, varavaltuutettu, Helsinki\",\"publisher\":{\"@id\":\"https:\/\/www.markkurantahalvari.fi\/#\/schema\/person\/f0bd9051156941bb22a8160bb417fbb2\"},\"potentialAction\":[{\"@type\":\"SearchAction\",\"target\":\"https:\/\/www.markkurantahalvari.fi\/?s={search_term_string}\",\"query-input\":\"required name=search_term_string\"}],\"inLanguage\":\"en-US\"},{\"@type\":\"ImageObject\",\"@id\":\"https:\/\/www.markkurantahalvari.fi\/?page_id=14#primaryimage\",\"inLanguage\":\"en-US\",\"url\":\"https:\/\/www.markkurantahalvari.fi\/wp-content\/uploads\/2021\/01\/OLL_logo_cmyk.png\",\"width\":466,\"height\":456},{\"@type\":\"WebPage\",\"@id\":\"https:\/\/www.markkurantahalvari.fi\/?page_id=14#webpage\",\"url\":\"https:\/\/www.markkurantahalvari.fi\/?page_id=14\",\"name\":\"Tietoja - Markku Rantahalvari\",\"isPartOf\":{\"@id\":\"https:\/\/www.markkurantahalvari.fi\/#website\"},\"primaryImageOfPage\":{\"@id\":\"https:\/\/www.markkurantahalvari.fi\/?page_id=14#primaryimage\"},\"datePublished\":\"2021-01-16T15:55:30+00:00\",\"dateModified\":\"2025-01-23T15:48:37+00:00\",\"inLanguage\":\"en-US\",\"potentialAction\":[{\"@type\":\"ReadAction\",\"target\":[\"https:\/\/www.markkurantahalvari.fi\/?page_id=14\"]}]}]}<\/script>\n<!-- \/ Yoast SEO plugin. -->","_links":{"self":[{"href":"https:\/\/www.markkurantahalvari.fi\/index.php?rest_route=\/wp\/v2\/pages\/14"}],"collection":[{"href":"https:\/\/www.markkurantahalvari.fi\/index.php?rest_route=\/wp\/v2\/pages"}],"about":[{"href":"https:\/\/www.markkurantahalvari.fi\/index.php?rest_route=\/wp\/v2\/types\/page"}],"author":[{"embeddable":true,"href":"https:\/\/www.markkurantahalvari.fi\/index.php?rest_route=\/wp\/v2\/users\/1"}],"replies":[{"embeddable":true,"href":"https:\/\/www.markkurantahalvari.fi\/index.php?rest_route=%2Fwp%2Fv2%2Fcomments&post=14"}],"version-history":[{"count":26,"href":"https:\/\/www.markkurantahalvari.fi\/index.php?rest_route=\/wp\/v2\/pages\/14\/revisions"}],"predecessor-version":[{"id":838,"href":"https:\/\/www.markkurantahalvari.fi\/index.php?rest_route=\/wp\/v2\/pages\/14\/revisions\/838"}],"wp:attachment":[{"href":"https:\/\/www.markkurantahalvari.fi\/index.php?rest_route=%2Fwp%2Fv2%2Fmedia&parent=14"}],"curies":[{"name":"wp","href":"https:\/\/api.w.org\/{rel}","templated":true}]}}