{"id":16,"date":"2021-01-16T15:55:44","date_gmt":"2021-01-16T15:55:44","guid":{"rendered":"https:\/\/www.markkurantahalvari.fi\/?page_id=16"},"modified":"2023-01-22T11:48:20","modified_gmt":"2023-01-22T11:48:20","slug":"yhteystiedot","status":"publish","type":"page","link":"https:\/\/www.markkurantahalvari.fi\/?page_id=16","title":{"rendered":"Yhteystiedot"},"content":{"rendered":"<p>[et_pb_section fb_built=&#8221;1&#8243; disabled_on=&#8221;on|on|off&#8221; _builder_version=&#8221;4.8.1&#8243; _module_preset=&#8221;default&#8221; background_color=&#8221;#c9c9c9&#8243; min_height=&#8221;102px&#8221; height=&#8221;100px&#8221; max_height=&#8221;684px&#8221; custom_padding=&#8221;||0px|||&#8221;][\/et_pb_section][et_pb_section fb_built=&#8221;1&#8243; _builder_version=&#8221;4.8.1&#8243; _module_preset=&#8221;default&#8221; custom_margin=&#8221;-51px|||||&#8221;][et_pb_row _builder_version=&#8221;4.8.1&#8243; _module_preset=&#8221;default&#8221;][et_pb_column type=&#8221;4_4&#8243; _builder_version=&#8221;4.8.1&#8243; _module_preset=&#8221;default&#8221;][et_pb_text _builder_version=&#8221;4.8.1&#8243; _module_preset=&#8221;default&#8221; header_2_font=&#8221;Barlow Semi Condensed||||||||&#8221;]<\/p>\n<h2>Ota yhteytt\u00e4, kun on asioita mielen p\u00e4\u00e4ll\u00e4<\/h2>\n<p>[\/et_pb_text][et_pb_text _builder_version=&#8221;4.8.1&#8243; _module_preset=&#8221;default&#8221; text_font_size=&#8221;20px&#8221; inline_fonts=&#8221;Barlow&#8221;]<\/p>\n<p><span style=\"font-family: Barlow;\">Markku Rantahalvari<\/span><\/p>\n<p><span style=\"font-family: Barlow;\">markku.rantahalvari@gmail.com<\/span><\/p>\n<p>[\/et_pb_text][et_pb_social_media_follow _builder_version=&#8221;4.8.1&#8243; _module_preset=&#8221;default&#8221;][et_pb_social_media_follow_network social_network=&#8221;facebook&#8221; url=&#8221;https:\/\/www.facebook.com\/rantahalvari&#8221; icon_color=&#8221;#FFFFFF&#8221; use_icon_font_size=&#8221;on&#8221; icon_font_size=&#8221;30px&#8221; icon_font_size_last_edited=&#8221;off|phone&#8221; _builder_version=&#8221;4.8.1&#8243; _module_preset=&#8221;default&#8221; background_color=&#8221;#3b5998&#8243; follow_button=&#8221;off&#8221; url_new_window=&#8221;on&#8221;]facebook[\/et_pb_social_media_follow_network][et_pb_social_media_follow_network social_network=&#8221;twitter&#8221; url=&#8221;https:\/\/twitter.com\/MRantahalvari&#8221; use_icon_font_size=&#8221;on&#8221; icon_font_size=&#8221;30px&#8221; _builder_version=&#8221;4.8.1&#8243; _module_preset=&#8221;default&#8221; background_color=&#8221;#00aced&#8221; follow_button=&#8221;off&#8221; url_new_window=&#8221;on&#8221;]twitter[\/et_pb_social_media_follow_network][et_pb_social_media_follow_network social_network=&#8221;instagram&#8221; url=&#8221;https:\/\/www.instagram.com\/markkurantahalvari\/&#8221; use_icon_font_size=&#8221;on&#8221; icon_font_size=&#8221;30px&#8221; _builder_version=&#8221;4.8.1&#8243; _module_preset=&#8221;default&#8221; background_color=&#8221;#ea2c59&#8243; follow_button=&#8221;off&#8221; url_new_window=&#8221;on&#8221;]instagram[\/et_pb_social_media_follow_network][\/et_pb_social_media_follow][\/et_pb_column][\/et_pb_row][\/et_pb_section]<\/p>\n","protected":false},"excerpt":{"rendered":"<p>[et_pb_section fb_built=&#8221;1&#8243; disabled_on=&#8221;on|on|off&#8221; _builder_version=&#8221;4.8.1&#8243; _module_preset=&#8221;default&#8221; background_color=&#8221;#c9c9c9&#8243; min_height=&#8221;102px&#8221; height=&#8221;100px&#8221; max_height=&#8221;684px&#8221; custom_padding=&#8221;||0px|||&#8221;][\/et_pb_section][et_pb_section fb_built=&#8221;1&#8243; _builder_version=&#8221;4.8.1&#8243; _module_preset=&#8221;default&#8221; custom_margin=&#8221;-51px|||||&#8221;][et_pb_row _builder_version=&#8221;4.8.1&#8243; _module_preset=&#8221;default&#8221;][et_pb_column type=&#8221;4_4&#8243; _builder_version=&#8221;4.8.1&#8243; _module_preset=&#8221;default&#8221;][et_pb_text _builder_version=&#8221;4.8.1&#8243; _module_preset=&#8221;default&#8221; header_2_font=&#8221;Barlow Semi Condensed||||||||&#8221;] Ota yhteytt\u00e4, kun on asioita mielen p\u00e4\u00e4ll\u00e4 [\/et_pb_text][et_pb_text _builder_version=&#8221;4.8.1&#8243; _module_preset=&#8221;default&#8221; text_font_size=&#8221;20px&#8221; inline_fonts=&#8221;Barlow&#8221;] Markku Rantahalvari markku.rantahalvari@gmail.com [\/et_pb_text][et_pb_social_media_follow _builder_version=&#8221;4.8.1&#8243; _module_preset=&#8221;default&#8221;][et_pb_social_media_follow_network social_network=&#8221;facebook&#8221; url=&#8221;https:\/\/www.facebook.com\/rantahalvari&#8221; icon_color=&#8221;#FFFFFF&#8221; use_icon_font_size=&#8221;on&#8221; icon_font_size=&#8221;30px&#8221; icon_font_size_last_edited=&#8221;off|phone&#8221; _builder_version=&#8221;4.8.1&#8243; _module_preset=&#8221;default&#8221; background_color=&#8221;#3b5998&#8243; follow_button=&#8221;off&#8221; url_new_window=&#8221;on&#8221;]facebook[\/et_pb_social_media_follow_network][et_pb_social_media_follow_network social_network=&#8221;twitter&#8221; url=&#8221;https:\/\/twitter.com\/MRantahalvari&#8221; [&hellip;]<\/p>\n","protected":false},"author":1,"featured_media":0,"parent":0,"menu_order":0,"comment_status":"closed","ping_status":"closed","template":"","meta":{"_et_pb_use_builder":"on","_et_pb_old_content":"","_et_gb_content_width":""},"yoast_head":"<!-- This site is optimized with the Yoast SEO plugin v15.7 - https:\/\/yoast.com\/wordpress\/plugins\/seo\/ -->\n<title>Yhteystiedot - Markku Rantahalvari<\/title>\n<meta name=\"robots\" content=\"index, follow, max-snippet:-1, max-image-preview:large, max-video-preview:-1\" \/>\n<link rel=\"canonical\" href=\"https:\/\/www.markkurantahalvari.fi\/?page_id=16\" \/>\n<meta property=\"og:locale\" content=\"en_US\" \/>\n<meta property=\"og:type\" content=\"article\" \/>\n<meta property=\"og:title\" content=\"Yhteystiedot - Markku Rantahalvari\" \/>\n<meta property=\"og:description\" content=\"[et_pb_section fb_built=&#8221;1&#8243; disabled_on=&#8221;on|on|off&#8221; _builder_version=&#8221;4.8.1&#8243; _module_preset=&#8221;default&#8221; background_color=&#8221;#c9c9c9&#8243; min_height=&#8221;102px&#8221; height=&#8221;100px&#8221; max_height=&#8221;684px&#8221; custom_padding=&#8221;||0px|||&#8221;][\/et_pb_section][et_pb_section fb_built=&#8221;1&#8243; _builder_version=&#8221;4.8.1&#8243; _module_preset=&#8221;default&#8221; custom_margin=&#8221;-51px|||||&#8221;][et_pb_row _builder_version=&#8221;4.8.1&#8243; _module_preset=&#8221;default&#8221;][et_pb_column type=&#8221;4_4&#8243; _builder_version=&#8221;4.8.1&#8243; _module_preset=&#8221;default&#8221;][et_pb_text _builder_version=&#8221;4.8.1&#8243; _module_preset=&#8221;default&#8221; header_2_font=&#8221;Barlow Semi Condensed||||||||&#8221;] Ota yhteytt\u00e4, kun on asioita mielen p\u00e4\u00e4ll\u00e4 [\/et_pb_text][et_pb_text _builder_version=&#8221;4.8.1&#8243; _module_preset=&#8221;default&#8221; text_font_size=&#8221;20px&#8221; inline_fonts=&#8221;Barlow&#8221;] Markku Rantahalvari markku.rantahalvari@gmail.com [\/et_pb_text][et_pb_social_media_follow _builder_version=&#8221;4.8.1&#8243; _module_preset=&#8221;default&#8221;][et_pb_social_media_follow_network social_network=&#8221;facebook&#8221; url=&#8221;https:\/\/www.facebook.com\/rantahalvari&#8221; icon_color=&#8221;#FFFFFF&#8221; use_icon_font_size=&#8221;on&#8221; icon_font_size=&#8221;30px&#8221; icon_font_size_last_edited=&#8221;off|phone&#8221; _builder_version=&#8221;4.8.1&#8243; _module_preset=&#8221;default&#8221; background_color=&#8221;#3b5998&#8243; follow_button=&#8221;off&#8221; url_new_window=&#8221;on&#8221;]facebook[\/et_pb_social_media_follow_network][et_pb_social_media_follow_network social_network=&#8221;twitter&#8221; url=&#8221;https:\/\/twitter.com\/MRantahalvari&#8221; [&hellip;]\" \/>\n<meta property=\"og:url\" content=\"https:\/\/www.markkurantahalvari.fi\/?page_id=16\" \/>\n<meta property=\"og:site_name\" content=\"Markku Rantahalvari\" \/>\n<meta property=\"article:modified_time\" content=\"2023-01-22T11:48:20+00:00\" \/>\n<meta name=\"twitter:card\" content=\"summary_large_image\" \/>\n<meta name=\"twitter:label1\" content=\"Est. reading time\">\n\t<meta name=\"twitter:data1\" content=\"1 minute\">\n<script type=\"application\/ld+json\" class=\"yoast-schema-graph\">{\"@context\":\"https:\/\/schema.org\",\"@graph\":[{\"@type\":[\"Person\",\"Organization\"],\"@id\":\"https:\/\/www.markkurantahalvari.fi\/#\/schema\/person\/f0bd9051156941bb22a8160bb417fbb2\",\"name\":\"MarkkuRan\",\"image\":{\"@type\":\"ImageObject\",\"@id\":\"https:\/\/www.markkurantahalvari.fi\/#personlogo\",\"inLanguage\":\"en-US\",\"url\":\"https:\/\/secure.gravatar.com\/avatar\/bd2d4048a8d15cb119733976c5878a9c?s=96&d=mm&r=g\",\"caption\":\"MarkkuRan\"},\"logo\":{\"@id\":\"https:\/\/www.markkurantahalvari.fi\/#personlogo\"},\"sameAs\":[\"https:\/\/www.markkurantahalvari.fi\"]},{\"@type\":\"WebSite\",\"@id\":\"https:\/\/www.markkurantahalvari.fi\/#website\",\"url\":\"https:\/\/www.markkurantahalvari.fi\/\",\"name\":\"Markku Rantahalvari\",\"description\":\"Kasvatus- ja koulutuslautakunnan j&auml;sen, varavaltuutettu, Helsinki\",\"publisher\":{\"@id\":\"https:\/\/www.markkurantahalvari.fi\/#\/schema\/person\/f0bd9051156941bb22a8160bb417fbb2\"},\"potentialAction\":[{\"@type\":\"SearchAction\",\"target\":\"https:\/\/www.markkurantahalvari.fi\/?s={search_term_string}\",\"query-input\":\"required name=search_term_string\"}],\"inLanguage\":\"en-US\"},{\"@type\":\"WebPage\",\"@id\":\"https:\/\/www.markkurantahalvari.fi\/?page_id=16#webpage\",\"url\":\"https:\/\/www.markkurantahalvari.fi\/?page_id=16\",\"name\":\"Yhteystiedot - Markku Rantahalvari\",\"isPartOf\":{\"@id\":\"https:\/\/www.markkurantahalvari.fi\/#website\"},\"datePublished\":\"2021-01-16T15:55:44+00:00\",\"dateModified\":\"2023-01-22T11:48:20+00:00\",\"inLanguage\":\"en-US\",\"potentialAction\":[{\"@type\":\"ReadAction\",\"target\":[\"https:\/\/www.markkurantahalvari.fi\/?page_id=16\"]}]}]}<\/script>\n<!-- \/ Yoast SEO plugin. -->","_links":{"self":[{"href":"https:\/\/www.markkurantahalvari.fi\/index.php?rest_route=\/wp\/v2\/pages\/16"}],"collection":[{"href":"https:\/\/www.markkurantahalvari.fi\/index.php?rest_route=\/wp\/v2\/pages"}],"about":[{"href":"https:\/\/www.markkurantahalvari.fi\/index.php?rest_route=\/wp\/v2\/types\/page"}],"author":[{"embeddable":true,"href":"https:\/\/www.markkurantahalvari.fi\/index.php?rest_route=\/wp\/v2\/users\/1"}],"replies":[{"embeddable":true,"href":"https:\/\/www.markkurantahalvari.fi\/index.php?rest_route=%2Fwp%2Fv2%2Fcomments&post=16"}],"version-history":[{"count":10,"href":"https:\/\/www.markkurantahalvari.fi\/index.php?rest_route=\/wp\/v2\/pages\/16\/revisions"}],"predecessor-version":[{"id":634,"href":"https:\/\/www.markkurantahalvari.fi\/index.php?rest_route=\/wp\/v2\/pages\/16\/revisions\/634"}],"wp:attachment":[{"href":"https:\/\/www.markkurantahalvari.fi\/index.php?rest_route=%2Fwp%2Fv2%2Fmedia&parent=16"}],"curies":[{"name":"wp","href":"https:\/\/api.w.org\/{rel}","templated":true}]}}