{"id":56,"date":"2021-01-16T20:34:56","date_gmt":"2021-01-16T20:34:56","guid":{"rendered":"https:\/\/www.markkurantahalvari.fi\/?page_id=56"},"modified":"2025-06-12T11:32:04","modified_gmt":"2025-06-12T11:32:04","slug":"etusivu","status":"publish","type":"page","link":"https:\/\/www.markkurantahalvari.fi\/","title":{"rendered":"Etusivu"},"content":{"rendered":"<p>[et_pb_section fb_built=&#8221;1&#8243; disabled_on=&#8221;on|on|off&#8221; _builder_version=&#8221;4.8.1&#8243; _module_preset=&#8221;default&#8221; background_image=&#8221;https:\/\/www.markkurantahalvari.fi\/wp-content\/uploads\/2021\/01\/WhatsApp-Image-2021-01-16-at-11.14.10-AM-1.jpeg&#8221; width=&#8221;100%&#8221; max_width=&#8221;100%&#8221; module_alignment=&#8221;center&#8221; min_height=&#8221;700px&#8221; height=&#8221;706px&#8221; custom_margin=&#8221;-6px||1px|||&#8221; custom_padding=&#8221;||2px|||&#8221;][\/et_pb_section][et_pb_section fb_built=&#8221;1&#8243; disabled_on=&#8221;off|on|on&#8221; _builder_version=&#8221;4.8.1&#8243; _module_preset=&#8221;default&#8221; background_image=&#8221;https:\/\/www.markkurantahalvari.fi\/wp-content\/uploads\/2021\/01\/WhatsApp-Image-2021-01-16-at-11.14.10-AM-1.jpeg&#8221; background_size=&#8221;contain&#8221; min_height=&#8221;377px&#8221; height=&#8221;201px&#8221; max_height=&#8221;729px&#8221; custom_margin=&#8221;-4px||9px|||&#8221; custom_padding=&#8221;0px||0px||false|false&#8221; background_last_edited=&#8221;on|phone&#8221; background_image_phone=&#8221;https:\/\/www.markkurantahalvari.fi\/wp-content\/uploads\/2025\/03\/WhatsApp-Image-2021-01-16-at-11.14.10-AM.jpeg&#8221; background_enable_image_phone=&#8221;on&#8221; collapsed=&#8221;off&#8221;][\/et_pb_section][et_pb_section fb_built=&#8221;1&#8243; disabled_on=&#8221;on|off|on&#8221; _builder_version=&#8221;4.8.1&#8243; _module_preset=&#8221;default&#8221; background_image=&#8221;https:\/\/www.markkurantahalvari.fi\/wp-content\/uploads\/2021\/01\/WhatsApp-Image-2021-01-16-at-11.14.10-AM-1.jpeg&#8221; background_size=&#8221;contain&#8221; max_width=&#8221;100%&#8221; module_alignment=&#8221;center&#8221; min_height=&#8221;545px&#8221; height=&#8221;657px&#8221; max_height=&#8221;1000px&#8221; custom_margin=&#8221;||4px|||&#8221; custom_padding=&#8221;8px||0px|||&#8221; background_last_edited=&#8221;on|desktop&#8221; background_image_tablet=&#8221;https:\/\/www.markkurantahalvari.fi\/wp-content\/uploads\/2025\/03\/WhatsApp-Image-2021-01-16-at-11.14.10-AM.jpeg&#8221; background_enable_image_tablet=&#8221;on&#8221;][\/et_pb_section][et_pb_section fb_built=&#8221;1&#8243; _builder_version=&#8221;4.8.1&#8243; _module_preset=&#8221;default&#8221; module_alignment=&#8221;center&#8221; min_height=&#8221;323.9px&#8221; height=&#8221;322px&#8221; custom_margin=&#8221;-78px||||false|false&#8221; custom_padding=&#8221;0px||0px||false|false&#8221;][et_pb_row _builder_version=&#8221;4.8.1&#8243; _module_preset=&#8221;default&#8221; width=&#8221;96.8%&#8221;][et_pb_column type=&#8221;4_4&#8243; _builder_version=&#8221;4.8.1&#8243; _module_preset=&#8221;default&#8221;][et_pb_video src=&#8221;https:\/\/www.markkurantahalvari.fi\/wp-content\/uploads\/2025\/03\/Kuntavaalimainos-remix.mp4&#8243; image_src=&#8221;https:\/\/www.markkurantahalvari.fi\/wp-content\/uploads\/2021\/01\/OI000538-scaled.jpg&#8221; _builder_version=&#8221;4.8.1&#8243; _module_preset=&#8221;default&#8221;][\/et_pb_video][\/et_pb_column][\/et_pb_row][\/et_pb_section][et_pb_section fb_built=&#8221;1&#8243; _builder_version=&#8221;4.8.1&#8243; _module_preset=&#8221;default&#8221; min_height=&#8221;139px&#8221; height=&#8221;100px&#8221; max_height=&#8221;853px&#8221; custom_margin=&#8221;-25px||||false|false&#8221; custom_padding=&#8221;0px||0px||false|false&#8221;][et_pb_row disabled_on=&#8221;off|off|off&#8221; _builder_version=&#8221;4.8.1&#8243; _module_preset=&#8221;default&#8221; module_alignment=&#8221;center&#8221; min_height=&#8221;155px&#8221; height=&#8221;100px&#8221; max_height=&#8221;100px&#8221; custom_margin=&#8221;9px|auto||auto||&#8221;][et_pb_column type=&#8221;4_4&#8243; _builder_version=&#8221;4.8.1&#8243; _module_preset=&#8221;default&#8221;][et_pb_text disabled_on=&#8221;off|off|off&#8221; admin_label=&#8221;Text&#8221; _builder_version=&#8221;4.8.1&#8243; _module_preset=&#8221;default&#8221; text_font=&#8221;Verdana||||||||&#8221; text_text_color=&#8221;#28EDD2&#8243; header_font=&#8221;Barlow Semi Condensed||||||||&#8221; header_text_color=&#8221;#f54b4b&#8221; header_font_size=&#8221;53px&#8221; header_line_height=&#8221;1.1em&#8221; min_height=&#8221;72.5px&#8221; height=&#8221;100px&#8221; max_height=&#8221;565px&#8221; custom_padding=&#8221;0px||17px||false|false&#8221;]<\/p>\n<h1><b>Ajamani asiat<\/b><\/h1>\n<p>[\/et_pb_text][\/et_pb_column][\/et_pb_row][\/et_pb_section][et_pb_section fb_built=&#8221;1&#8243; _builder_version=&#8221;4.8.1&#8243; _module_preset=&#8221;default&#8221; min_height=&#8221;583px&#8221; custom_margin=&#8221;-35px|||||&#8221; custom_padding=&#8221;0px||0px||false|false&#8221;][et_pb_row column_structure=&#8221;1_4,1_4,1_4,1_4&#8243; _builder_version=&#8221;4.8.1&#8243; _module_preset=&#8221;default&#8221; width=&#8221;90%&#8221; min_height=&#8221;466px&#8221; custom_margin=&#8221;9px|auto||auto|false|false&#8221; custom_padding=&#8221;0px||0px||false|false&#8221;][et_pb_column type=&#8221;1_4&#8243; _builder_version=&#8221;4.8.1&#8243; _module_preset=&#8221;default&#8221;][et_pb_blurb title=&#8221;Liikunta&#8221; image=&#8221;https:\/\/www.markkurantahalvari.fi\/wp-content\/uploads\/2021\/01\/park-life-2251981_1280.jpg&#8221; _builder_version=&#8221;4.8.1&#8243; _module_preset=&#8221;default&#8221; header_level=&#8221;h1&#8243; header_font=&#8221;Barlow Semi Condensed||||||||&#8221; body_font=&#8221;Barlow||||||||&#8221; custom_padding=&#8221;||0px|||&#8221;]<span style=\"font-weight: 400;\">Liikunta on t\u00e4rke\u00e4 voimavara monille. Kilpaurheilun lis\u00e4ksi meid\u00e4n tulee tarjota sopivat olosuhteet my\u00f6s kevyemm\u00e4lle harrastamiselle. Visioni on, ett\u00e4 seurat ja kunnat voisivat tehd\u00e4 yhteisty\u00f6t\u00e4 liikuttaakseen sek\u00e4 tavoitteellisia urheilijoita ett\u00e4 liikunnan riemua etsivi\u00e4 ja omaa terveytt\u00e4\u00e4n yll\u00e4pit\u00e4vi\u00e4 ihmisi\u00e4.<\/span>[\/et_pb_blurb][\/et_pb_column][et_pb_column type=&#8221;1_4&#8243; _builder_version=&#8221;4.8.1&#8243; _module_preset=&#8221;default&#8221;][et_pb_blurb title=&#8221;Koulutus &#038; tiede&#8221; image=&#8221;https:\/\/www.markkurantahalvari.fi\/wp-content\/uploads\/2021\/01\/open-book-1428428_1280-e1611517297568.jpg&#8221; _builder_version=&#8221;4.8.1&#8243; _module_preset=&#8221;default&#8221; header_level=&#8221;h1&#8243; header_font=&#8221;Barlow Semi Condensed||||||||&#8221; body_font=&#8221;Barlow||||||||&#8221;]<span style=\"font-weight: 400;\">Suomi on koulutuksen mallimaa \u2013 ja sit\u00e4 sen t\u00e4ytyy olla tulevaisuudessakin. On yhteiskunnan etu, ett\u00e4 v\u00e4yl\u00e4 esikoulusta tohtoriksi on kaikille avoin. Se ei saa sulkeutua varallisuuteen, opetuksen tasoon tai henkil\u00f6kohtaiseen tukeen liittyvien syiden vuoksi. N\u00e4in saamme my\u00f6s jatkossa tiedett\u00e4 ja osaamista Suomeen.<br \/>\n<\/span>[\/et_pb_blurb][\/et_pb_column][et_pb_column type=&#8221;1_4&#8243; _builder_version=&#8221;4.8.1&#8243; _module_preset=&#8221;default&#8221;][et_pb_blurb title=&#8221;Ymp\u00e4rist\u00f6&#8221; image=&#8221;https:\/\/www.markkurantahalvari.fi\/wp-content\/uploads\/2021\/01\/fog-3622519_1280.jpg&#8221; _builder_version=&#8221;4.8.1&#8243; _module_preset=&#8221;default&#8221; header_level=&#8221;h1&#8243; header_font=&#8221;Barlow Semi Condensed||||||||&#8221; body_font=&#8221;Barlow||||||||&#8221;]Luonto on kaiken el\u00e4m\u00e4n perusta ja sen k\u00f6yhtymisen pys\u00e4ytt\u00e4minen t\u00e4rkein teht\u00e4v\u00e4mme. Emme voi sys\u00e4t\u00e4 ilmastokriisin ja kuudennen sukupuuttoaallon hoitamista vain muiden vastuulle. Ongelma on yhteinen, joten my\u00f6s ratkaisujen t\u00e4ytyy olla kollektiivisia.[\/et_pb_blurb][\/et_pb_column][et_pb_column type=&#8221;1_4&#8243; _builder_version=&#8221;4.8.1&#8243; _module_preset=&#8221;default&#8221;][et_pb_blurb title=&#8221;Yhdenvertaisuus&#8221; image=&#8221;https:\/\/www.markkurantahalvari.fi\/wp-content\/uploads\/2021\/01\/IMG_4745-300&#215;200.jpg&#8221; image_max_width=&#8221;120%&#8221; content_max_width=&#8221;744px&#8221; _builder_version=&#8221;4.8.1&#8243; _module_preset=&#8221;default&#8221; header_level=&#8221;h1&#8243; header_font=&#8221;Barlow Semi Condensed||||||||&#8221; body_font=&#8221;Barlow|600|||||||&#8221; border_width_all_image=&#8221;0px&#8221;]<span style=\"font-weight: 400;\">Yhdenvertaisuus kuulostaa itsest\u00e4\u00e4n selv\u00e4lt\u00e4 asialta, mutta ei valitettavasti sit\u00e4 viel\u00e4k\u00e4\u00e4n ole. Turvallinen Helsinki edellytt\u00e4\u00e4, ett\u00e4 kaikki kokevat heit\u00e4 kohdeltavan tasa-arvoisesti. Ihmisen taustan ei tulisi ikin\u00e4 m\u00e4\u00e4ritell\u00e4 sit\u00e4 suhtaudutaanko h\u00e4neen reilusti tai pystyyk\u00f6 h\u00e4n el\u00e4m\u00e4\u00e4n hyv\u00e4\u00e4 el\u00e4m\u00e4\u00e4.&nbsp;<\/span><\/p>\n<p><span style=\"font-weight: 400;\"><\/span><\/p>\n<p><span style=\"font-weight: 400;\"><\/span>[\/et_pb_blurb][\/et_pb_column][\/et_pb_row][\/et_pb_section][et_pb_section fb_built=&#8221;1&#8243; inner_shadow=&#8221;on&#8221; _builder_version=&#8221;4.8.1&#8243; _module_preset=&#8221;default&#8221; background_color=&#8221;#f54b4b&#8221;][et_pb_row column_structure=&#8221;1_2,1_2&#8243; _builder_version=&#8221;4.8.1&#8243; _module_preset=&#8221;default&#8221;][et_pb_column type=&#8221;1_2&#8243; _builder_version=&#8221;4.8.1&#8243; _module_preset=&#8221;default&#8221;][et_pb_text _builder_version=&#8221;4.8.1&#8243; _module_preset=&#8221;default&#8221; inline_fonts=&#8221;Barlow&#8221;]<\/p>\n<p><span style=\"color: #ffffff; font-family: Barlow; font-weight: normal; font-size: x-large;\">Olen 41-vuotias helsinkil\u00e4istynyt humanisti, joka uskoo tieteen ja yhteisty\u00f6n ratkovan suuretkin ongelmat &#8211; kunhan niille annetaan mahdollisuus.<\/span><\/p>\n<p><span style=\"color: #ffffff;\"><span style=\"font-family: Barlow; font-weight: normal; font-size: x-large;\">Kasvatus- ja koulutuslautakunnan varapuheenjohtaja ja varavaltuutettu. El\u00e4m\u00e4ni py\u00f6rii politiikan, liikunnan, ymp\u00e4rist\u00f6asioiden ja kissojen ymp\u00e4rill\u00e4<\/span>.<\/span><\/p>\n<p><span style=\"color: #ffffff; font-family: Barlow; font-weight: normal; font-size: x-large;\">Lue enemm\u00e4n minusta ja ty\u00f6kokemuksestani.<\/span><\/p>\n<p>[\/et_pb_text][et_pb_button button_url=&#8221;https:\/\/www.markkurantahalvari.fi\/?page_id=14&#8243; button_text=&#8221;Kuka olen?&#8221; _builder_version=&#8221;4.8.1&#8243; _module_preset=&#8221;default&#8221; background_layout=&#8221;dark&#8221;][\/et_pb_button][\/et_pb_column][et_pb_column type=&#8221;1_2&#8243; _builder_version=&#8221;4.8.1&#8243; _module_preset=&#8221;default&#8221;][et_pb_image src=&#8221;https:\/\/www.markkurantahalvari.fi\/wp-content\/uploads\/2021\/01\/OI000651-scaled.jpg&#8221; _builder_version=&#8221;4.8.1&#8243; _module_preset=&#8221;default&#8221;][\/et_pb_image][\/et_pb_column][\/et_pb_row][\/et_pb_section][et_pb_section fb_built=&#8221;1&#8243; _builder_version=&#8221;4.8.1&#8243; _module_preset=&#8221;default&#8221; custom_margin=&#8221;||0px||false|false&#8221; custom_padding=&#8221;2px||0px||false|false&#8221;][et_pb_row disabled_on=&#8221;on|off|off&#8221; _builder_version=&#8221;4.8.1&#8243; _module_preset=&#8221;default&#8221;][et_pb_column type=&#8221;4_4&#8243; _builder_version=&#8221;4.8.1&#8243; _module_preset=&#8221;default&#8221;][et_pb_text _builder_version=&#8221;4.8.1&#8243; _module_preset=&#8221;default&#8221; header_font=&#8221;Barlow Semi Condensed||||||||&#8221; header_text_color=&#8221;#f54b4b&#8221;]<\/p>\n<h1>Ajankohtaista<\/h1>\n<p>[\/et_pb_text][\/et_pb_column][\/et_pb_row][et_pb_row _builder_version=&#8221;4.8.1&#8243; _module_preset=&#8221;default&#8221; min_height=&#8221;626.8px&#8221; custom_padding=&#8221;13px||0px||false|false&#8221;][et_pb_column type=&#8221;4_4&#8243; _builder_version=&#8221;4.8.1&#8243; _module_preset=&#8221;default&#8221;][et_pb_post_slider include_categories=&#8221;3&#8243; more_text=&#8221;Lue lis\u00e4\u00e4&#8221; disabled_on=&#8221;off|off|on&#8221; _builder_version=&#8221;4.8.1&#8243; _module_preset=&#8221;default&#8221;][\/et_pb_post_slider][\/et_pb_column][\/et_pb_row][et_pb_row _builder_version=&#8221;4.8.1&#8243; _module_preset=&#8221;default&#8221; max_width=&#8221;1327px&#8221; min_height=&#8221;679.5px&#8221; height=&#8221;869px&#8221; max_height=&#8221;902px&#8221; custom_margin=&#8221;-627px||||false|false&#8221;][et_pb_column type=&#8221;4_4&#8243; _builder_version=&#8221;4.8.1&#8243; _module_preset=&#8221;default&#8221;][et_pb_blog fullwidth=&#8221;off&#8221; posts_number=&#8221;3&#8243; include_categories=&#8221;3&#8243; use_manual_excerpt=&#8221;off&#8221; show_author=&#8221;off&#8221; show_date=&#8221;off&#8221; show_categories=&#8221;off&#8221; show_pagination=&#8221;off&#8221; disabled_on=&#8221;on|on|off&#8221; _builder_version=&#8221;4.8.1&#8243; _module_preset=&#8221;default&#8221; min_height=&#8221;165.5px&#8221; custom_margin=&#8221;2px||||false|false&#8221;][\/et_pb_blog][\/et_pb_column][\/et_pb_row][\/et_pb_section][et_pb_section fb_built=&#8221;1&#8243; _builder_version=&#8221;4.8.1&#8243; _module_preset=&#8221;default&#8221; custom_margin=&#8221;0px||||false|false&#8221; custom_padding=&#8221;0px||0px||false|false&#8221;][et_pb_row admin_label=&#8221;Row&#8221; _builder_version=&#8221;4.8.1&#8243; _module_preset=&#8221;default&#8221; min_height=&#8221;45px&#8221; custom_margin=&#8221;0px||||false|false&#8221; custom_padding=&#8221;0px||0px||false|false&#8221;][et_pb_column type=&#8221;4_4&#8243; _builder_version=&#8221;4.8.1&#8243; _module_preset=&#8221;default&#8221;][et_pb_social_media_follow _builder_version=&#8221;4.8.1&#8243; _module_preset=&#8221;default&#8221; min_height=&#8221;38px&#8221; custom_padding=&#8221;0px||0px||false|false&#8221;][et_pb_social_media_follow_network social_network=&#8221;facebook&#8221; url=&#8221;https:\/\/www.facebook.com\/rantahalvari&#8221; use_icon_font_size=&#8221;on&#8221; icon_font_size=&#8221;21px&#8221; _builder_version=&#8221;4.8.1&#8243; _module_preset=&#8221;default&#8221; background_color=&#8221;#3b5998&#8243; follow_button=&#8221;off&#8221; url_new_window=&#8221;on&#8221;]facebook[\/et_pb_social_media_follow_network][et_pb_social_media_follow_network social_network=&#8221;twitter&#8221; url=&#8221;https:\/\/twitter.com\/MRantahalvari&#8221; use_icon_font_size=&#8221;on&#8221; icon_font_size=&#8221;21px&#8221; _builder_version=&#8221;4.8.1&#8243; _module_preset=&#8221;default&#8221; background_color=&#8221;#00aced&#8221; follow_button=&#8221;off&#8221; url_new_window=&#8221;on&#8221;]twitter[\/et_pb_social_media_follow_network][et_pb_social_media_follow_network social_network=&#8221;instagram&#8221; url=&#8221;https:\/\/www.instagram.com\/markkurantahalvari\/&#8221; use_icon_font_size=&#8221;on&#8221; icon_font_size=&#8221;21px&#8221; _builder_version=&#8221;4.8.1&#8243; _module_preset=&#8221;default&#8221; background_color=&#8221;#ea2c59&#8243; follow_button=&#8221;off&#8221; url_new_window=&#8221;on&#8221;]instagram[\/et_pb_social_media_follow_network][et_pb_social_media_follow_network social_network=&#8221;youtube&#8221; url=&#8221;https:\/\/www.youtube.com\/channel\/UC4nvUittWvIZt4SvyqmGIvw&#8221; use_icon_font_size=&#8221;on&#8221; icon_font_size=&#8221;21px&#8221; _builder_version=&#8221;4.8.1&#8243; _module_preset=&#8221;default&#8221; background_color=&#8221;#a82400&#8243; follow_button=&#8221;off&#8221; url_new_window=&#8221;on&#8221;]youtube[\/et_pb_social_media_follow_network][et_pb_social_media_follow_network social_network=&#8221;linkedin&#8221; url=&#8221;https:\/\/www.linkedin.com\/in\/markku-rantahalvari\/&#8221; use_icon_font_size=&#8221;on&#8221; icon_font_size=&#8221;21px&#8221; _builder_version=&#8221;4.8.1&#8243; _module_preset=&#8221;default&#8221; background_color=&#8221;#007bb6&#8243; follow_button=&#8221;off&#8221; url_new_window=&#8221;on&#8221;]linkedin[\/et_pb_social_media_follow_network][\/et_pb_social_media_follow][\/et_pb_column][\/et_pb_row][\/et_pb_section]<\/p>\n","protected":false},"excerpt":{"rendered":"<p>[et_pb_section fb_built=&#8221;1&#8243; disabled_on=&#8221;on|on|off&#8221; _builder_version=&#8221;4.8.1&#8243; _module_preset=&#8221;default&#8221; background_image=&#8221;https:\/\/www.markkurantahalvari.fi\/wp-content\/uploads\/2021\/01\/WhatsApp-Image-2021-01-16-at-11.14.10-AM-1.jpeg&#8221; width=&#8221;100%&#8221; max_width=&#8221;100%&#8221; module_alignment=&#8221;center&#8221; min_height=&#8221;700px&#8221; height=&#8221;706px&#8221; custom_margin=&#8221;-6px||1px|||&#8221; custom_padding=&#8221;||2px|||&#8221;][\/et_pb_section][et_pb_section fb_built=&#8221;1&#8243; disabled_on=&#8221;off|on|on&#8221; _builder_version=&#8221;4.8.1&#8243; _module_preset=&#8221;default&#8221; background_image=&#8221;https:\/\/www.markkurantahalvari.fi\/wp-content\/uploads\/2021\/01\/WhatsApp-Image-2021-01-16-at-11.14.10-AM-1.jpeg&#8221; background_size=&#8221;contain&#8221; min_height=&#8221;377px&#8221; height=&#8221;201px&#8221; max_height=&#8221;729px&#8221; custom_margin=&#8221;-4px||9px|||&#8221; custom_padding=&#8221;0px||0px||false|false&#8221; background_last_edited=&#8221;on|phone&#8221; background_image_phone=&#8221;https:\/\/www.markkurantahalvari.fi\/wp-content\/uploads\/2025\/03\/WhatsApp-Image-2021-01-16-at-11.14.10-AM.jpeg&#8221; background_enable_image_phone=&#8221;on&#8221; collapsed=&#8221;off&#8221;][\/et_pb_section][et_pb_section fb_built=&#8221;1&#8243; disabled_on=&#8221;on|off|on&#8221; _builder_version=&#8221;4.8.1&#8243; _module_preset=&#8221;default&#8221; background_image=&#8221;https:\/\/www.markkurantahalvari.fi\/wp-content\/uploads\/2021\/01\/WhatsApp-Image-2021-01-16-at-11.14.10-AM-1.jpeg&#8221; background_size=&#8221;contain&#8221; max_width=&#8221;100%&#8221; module_alignment=&#8221;center&#8221; min_height=&#8221;545px&#8221; height=&#8221;657px&#8221; max_height=&#8221;1000px&#8221; custom_margin=&#8221;||4px|||&#8221; custom_padding=&#8221;8px||0px|||&#8221; background_last_edited=&#8221;on|desktop&#8221; background_image_tablet=&#8221;https:\/\/www.markkurantahalvari.fi\/wp-content\/uploads\/2025\/03\/WhatsApp-Image-2021-01-16-at-11.14.10-AM.jpeg&#8221; background_enable_image_tablet=&#8221;on&#8221;][\/et_pb_section][et_pb_section fb_built=&#8221;1&#8243; _builder_version=&#8221;4.8.1&#8243; _module_preset=&#8221;default&#8221; module_alignment=&#8221;center&#8221; min_height=&#8221;323.9px&#8221; height=&#8221;322px&#8221; custom_margin=&#8221;-78px||||false|false&#8221; custom_padding=&#8221;0px||0px||false|false&#8221;][et_pb_row _builder_version=&#8221;4.8.1&#8243; _module_preset=&#8221;default&#8221; width=&#8221;96.8%&#8221;][et_pb_column [&hellip;]<\/p>\n","protected":false},"author":1,"featured_media":0,"parent":0,"menu_order":0,"comment_status":"closed","ping_status":"closed","template":"","meta":{"_et_pb_use_builder":"on","_et_pb_old_content":"","_et_gb_content_width":""},"yoast_head":"<!-- This site is optimized with the Yoast SEO plugin v15.7 - https:\/\/yoast.com\/wordpress\/plugins\/seo\/ -->\n<title>Etusivu - Markku Rantahalvari<\/title>\n<meta name=\"description\" content=\"Politiikka vaatii malttia. Uskon, ett\u00e4 suuretkin ongelmat ratkeavat tieteell\u00e4 ja yhteisty\u00f6ll\u00e4 \u2013 kunhan niille annetaan mahdollisuus.\" \/>\n<meta name=\"robots\" content=\"index, follow, max-snippet:-1, max-image-preview:large, max-video-preview:-1\" \/>\n<link rel=\"canonical\" href=\"https:\/\/www.markkurantahalvari.fi\/\" \/>\n<meta property=\"og:locale\" content=\"en_US\" \/>\n<meta property=\"og:type\" content=\"article\" \/>\n<meta property=\"og:title\" content=\"Etusivu - Markku Rantahalvari\" \/>\n<meta property=\"og:description\" content=\"Politiikka vaatii malttia. Uskon, ett\u00e4 suuretkin ongelmat ratkeavat tieteell\u00e4 ja yhteisty\u00f6ll\u00e4 \u2013 kunhan niille annetaan mahdollisuus.\" \/>\n<meta property=\"og:url\" content=\"https:\/\/www.markkurantahalvari.fi\/\" \/>\n<meta property=\"og:site_name\" content=\"Markku Rantahalvari\" \/>\n<meta property=\"article:modified_time\" content=\"2025-06-12T11:32:04+00:00\" \/>\n<meta name=\"twitter:card\" content=\"summary_large_image\" \/>\n<meta name=\"twitter:label1\" content=\"Est. reading time\">\n\t<meta name=\"twitter:data1\" content=\"3 minutes\">\n<script type=\"application\/ld+json\" class=\"yoast-schema-graph\">{\"@context\":\"https:\/\/schema.org\",\"@graph\":[{\"@type\":[\"Person\",\"Organization\"],\"@id\":\"https:\/\/www.markkurantahalvari.fi\/#\/schema\/person\/f0bd9051156941bb22a8160bb417fbb2\",\"name\":\"MarkkuRan\",\"image\":{\"@type\":\"ImageObject\",\"@id\":\"https:\/\/www.markkurantahalvari.fi\/#personlogo\",\"inLanguage\":\"en-US\",\"url\":\"https:\/\/secure.gravatar.com\/avatar\/bd2d4048a8d15cb119733976c5878a9c?s=96&d=mm&r=g\",\"caption\":\"MarkkuRan\"},\"logo\":{\"@id\":\"https:\/\/www.markkurantahalvari.fi\/#personlogo\"},\"sameAs\":[\"https:\/\/www.markkurantahalvari.fi\"]},{\"@type\":\"WebSite\",\"@id\":\"https:\/\/www.markkurantahalvari.fi\/#website\",\"url\":\"https:\/\/www.markkurantahalvari.fi\/\",\"name\":\"Markku Rantahalvari\",\"description\":\"Kasvatus- ja koulutuslautakunnan j&auml;sen, varavaltuutettu, Helsinki\",\"publisher\":{\"@id\":\"https:\/\/www.markkurantahalvari.fi\/#\/schema\/person\/f0bd9051156941bb22a8160bb417fbb2\"},\"potentialAction\":[{\"@type\":\"SearchAction\",\"target\":\"https:\/\/www.markkurantahalvari.fi\/?s={search_term_string}\",\"query-input\":\"required name=search_term_string\"}],\"inLanguage\":\"en-US\"},{\"@type\":\"WebPage\",\"@id\":\"https:\/\/www.markkurantahalvari.fi\/#webpage\",\"url\":\"https:\/\/www.markkurantahalvari.fi\/\",\"name\":\"Etusivu - Markku Rantahalvari\",\"isPartOf\":{\"@id\":\"https:\/\/www.markkurantahalvari.fi\/#website\"},\"datePublished\":\"2021-01-16T20:34:56+00:00\",\"dateModified\":\"2025-06-12T11:32:04+00:00\",\"description\":\"Politiikka vaatii malttia. Uskon, ett\\u00e4 suuretkin ongelmat ratkeavat tieteell\\u00e4 ja yhteisty\\u00f6ll\\u00e4 \\u2013 kunhan niille annetaan mahdollisuus.\",\"inLanguage\":\"en-US\",\"potentialAction\":[{\"@type\":\"ReadAction\",\"target\":[\"https:\/\/www.markkurantahalvari.fi\/\"]}]}]}<\/script>\n<!-- \/ Yoast SEO plugin. -->","_links":{"self":[{"href":"https:\/\/www.markkurantahalvari.fi\/index.php?rest_route=\/wp\/v2\/pages\/56"}],"collection":[{"href":"https:\/\/www.markkurantahalvari.fi\/index.php?rest_route=\/wp\/v2\/pages"}],"about":[{"href":"https:\/\/www.markkurantahalvari.fi\/index.php?rest_route=\/wp\/v2\/types\/page"}],"author":[{"embeddable":true,"href":"https:\/\/www.markkurantahalvari.fi\/index.php?rest_route=\/wp\/v2\/users\/1"}],"replies":[{"embeddable":true,"href":"https:\/\/www.markkurantahalvari.fi\/index.php?rest_route=%2Fwp%2Fv2%2Fcomments&post=56"}],"version-history":[{"count":159,"href":"https:\/\/www.markkurantahalvari.fi\/index.php?rest_route=\/wp\/v2\/pages\/56\/revisions"}],"predecessor-version":[{"id":865,"href":"https:\/\/www.markkurantahalvari.fi\/index.php?rest_route=\/wp\/v2\/pages\/56\/revisions\/865"}],"wp:attachment":[{"href":"https:\/\/www.markkurantahalvari.fi\/index.php?rest_route=%2Fwp%2Fv2%2Fmedia&parent=56"}],"curies":[{"name":"wp","href":"https:\/\/api.w.org\/{rel}","templated":true}]}}