{"id":653,"date":"2023-01-26T20:20:18","date_gmt":"2023-01-26T20:20:18","guid":{"rendered":"https:\/\/www.markkurantahalvari.fi\/?page_id=653"},"modified":"2023-03-25T20:35:52","modified_gmt":"2023-03-25T20:35:52","slug":"videot","status":"publish","type":"page","link":"https:\/\/www.markkurantahalvari.fi\/?page_id=653","title":{"rendered":"Videot"},"content":{"rendered":"\n<figure class=\"wp-block-embed is-type-video is-provider-youtube wp-block-embed-youtube wp-embed-aspect-16-9 wp-has-aspect-ratio\"><div class=\"wp-block-embed__wrapper\">\n<iframe loading=\"lazy\" title=\"Eduskuntavaalit 2023: J\u00e4tet\u00e4\u00e4n opettajat rauhaan\" width=\"1080\" height=\"608\" src=\"https:\/\/www.youtube.com\/embed\/UTeCi_bRwF4?feature=oembed\"  allow=\"accelerometer; autoplay; clipboard-write; encrypted-media; gyroscope; picture-in-picture; web-share\" allowfullscreen><\/iframe>\n<\/div><figcaption class=\"wp-element-caption\">Koulutusmainos eduskuntavaalit 2023<\/figcaption><\/figure>\n\n\n\n<figure class=\"wp-block-embed is-type-video is-provider-youtube wp-block-embed-youtube wp-embed-aspect-16-9 wp-has-aspect-ratio\"><div class=\"wp-block-embed__wrapper\">\n<iframe loading=\"lazy\" title=\"Eduskuntavaalit 2023: Annetaan liikunta-alalle reilu mahdollisuus\" width=\"1080\" height=\"608\" src=\"https:\/\/www.youtube.com\/embed\/BcplPsRshVM?feature=oembed\"  allow=\"accelerometer; autoplay; clipboard-write; encrypted-media; gyroscope; picture-in-picture; web-share\" allowfullscreen><\/iframe>\n<\/div><figcaption class=\"wp-element-caption\">Liikuntamainos eduskuntavaalit 2023<\/figcaption><\/figure>\n\n\n\n<figure class=\"wp-block-embed is-type-video is-provider-youtube wp-block-embed-youtube wp-embed-aspect-16-9 wp-has-aspect-ratio\"><div class=\"wp-block-embed__wrapper\">\n<iframe loading=\"lazy\" title=\"Miten saadaan Suomi liikkumaan?\" width=\"1080\" height=\"608\" src=\"https:\/\/www.youtube.com\/embed\/o_HHHTdAOyQ?start=831&#038;feature=oembed\"  allow=\"accelerometer; autoplay; clipboard-write; encrypted-media; gyroscope; picture-in-picture; web-share\" allowfullscreen><\/iframe>\n<\/div><figcaption class=\"wp-element-caption\">Liikkumattomuus podcast-jakso. Mukana Anni Vuohijoki, Mika Poutala ja Riku Lievonen.<\/figcaption><\/figure>\n\n\n\n<figure class=\"wp-block-embed is-type-video is-provider-youtube wp-block-embed-youtube wp-embed-aspect-16-9 wp-has-aspect-ratio\"><div class=\"wp-block-embed__wrapper\">\n<iframe loading=\"lazy\" title=\"Huippu-urheilijan tulevaisuus Suomessa?\" width=\"1080\" height=\"608\" src=\"https:\/\/www.youtube.com\/embed\/VYp41o62qQY?list=PL12EYh165uJM7kexWA0fh9hNn9PpIoVax\"  allow=\"accelerometer; autoplay; clipboard-write; encrypted-media; gyroscope; picture-in-picture; web-share\" allowfullscreen><\/iframe>\n<\/div><figcaption class=\"wp-element-caption\">Huippu-urheilu podcast-jakso. Mukana Anni Vuohijoki, Mika Poutala ja Riku Lievonen.<\/figcaption><\/figure>\n\n\n\n<figure class=\"wp-block-video\"><video controls src=\"https:\/\/www.markkurantahalvari.fi\/wp-content\/uploads\/2021\/06\/Virallinen-vaalimainos-lopullinen-oikea.mp4\"><\/video><figcaption class=\"wp-element-caption\">Kuntavaalimainos 2021<\/figcaption><\/figure>\n\n\n\n<figure class=\"wp-block-video\"><video controls src=\"https:\/\/www.markkurantahalvari.fi\/wp-content\/uploads\/2023\/01\/Jefumainos-lopputekstilla.mp4\"><\/video><figcaption class=\"wp-element-caption\">Kuntavaalit liikunta 2021<\/figcaption><\/figure>\n\n\n\n<p><\/p>\n","protected":false},"excerpt":{"rendered":"","protected":false},"author":1,"featured_media":0,"parent":0,"menu_order":0,"comment_status":"closed","ping_status":"closed","template":"","meta":{"_et_pb_use_builder":"off","_et_pb_old_content":"","_et_gb_content_width":""},"yoast_head":"<!-- This site is optimized with the Yoast SEO plugin v15.7 - https:\/\/yoast.com\/wordpress\/plugins\/seo\/ -->\n<title>Videot - Markku Rantahalvari<\/title>\n<meta name=\"robots\" content=\"index, follow, max-snippet:-1, max-image-preview:large, max-video-preview:-1\" \/>\n<link rel=\"canonical\" href=\"https:\/\/www.markkurantahalvari.fi\/?page_id=653\" \/>\n<meta property=\"og:locale\" content=\"en_US\" \/>\n<meta property=\"og:type\" content=\"article\" \/>\n<meta property=\"og:title\" content=\"Videot - Markku Rantahalvari\" \/>\n<meta property=\"og:url\" content=\"https:\/\/www.markkurantahalvari.fi\/?page_id=653\" \/>\n<meta property=\"og:site_name\" content=\"Markku Rantahalvari\" \/>\n<meta property=\"article:modified_time\" content=\"2023-03-25T20:35:52+00:00\" \/>\n<meta name=\"twitter:card\" content=\"summary_large_image\" \/>\n<meta name=\"twitter:label1\" content=\"Est. reading time\">\n\t<meta name=\"twitter:data1\" content=\"1 minute\">\n<script type=\"application\/ld+json\" class=\"yoast-schema-graph\">{\"@context\":\"https:\/\/schema.org\",\"@graph\":[{\"@type\":[\"Person\",\"Organization\"],\"@id\":\"https:\/\/www.markkurantahalvari.fi\/#\/schema\/person\/f0bd9051156941bb22a8160bb417fbb2\",\"name\":\"MarkkuRan\",\"image\":{\"@type\":\"ImageObject\",\"@id\":\"https:\/\/www.markkurantahalvari.fi\/#personlogo\",\"inLanguage\":\"en-US\",\"url\":\"https:\/\/secure.gravatar.com\/avatar\/bd2d4048a8d15cb119733976c5878a9c?s=96&d=mm&r=g\",\"caption\":\"MarkkuRan\"},\"logo\":{\"@id\":\"https:\/\/www.markkurantahalvari.fi\/#personlogo\"},\"sameAs\":[\"https:\/\/www.markkurantahalvari.fi\"]},{\"@type\":\"WebSite\",\"@id\":\"https:\/\/www.markkurantahalvari.fi\/#website\",\"url\":\"https:\/\/www.markkurantahalvari.fi\/\",\"name\":\"Markku Rantahalvari\",\"description\":\"Kasvatus- ja koulutuslautakunnan j&auml;sen, varavaltuutettu, Helsinki\",\"publisher\":{\"@id\":\"https:\/\/www.markkurantahalvari.fi\/#\/schema\/person\/f0bd9051156941bb22a8160bb417fbb2\"},\"potentialAction\":[{\"@type\":\"SearchAction\",\"target\":\"https:\/\/www.markkurantahalvari.fi\/?s={search_term_string}\",\"query-input\":\"required name=search_term_string\"}],\"inLanguage\":\"en-US\"},{\"@type\":\"WebPage\",\"@id\":\"https:\/\/www.markkurantahalvari.fi\/?page_id=653#webpage\",\"url\":\"https:\/\/www.markkurantahalvari.fi\/?page_id=653\",\"name\":\"Videot - Markku Rantahalvari\",\"isPartOf\":{\"@id\":\"https:\/\/www.markkurantahalvari.fi\/#website\"},\"datePublished\":\"2023-01-26T20:20:18+00:00\",\"dateModified\":\"2023-03-25T20:35:52+00:00\",\"inLanguage\":\"en-US\",\"potentialAction\":[{\"@type\":\"ReadAction\",\"target\":[\"https:\/\/www.markkurantahalvari.fi\/?page_id=653\"]}]}]}<\/script>\n<!-- \/ Yoast SEO plugin. -->","_links":{"self":[{"href":"https:\/\/www.markkurantahalvari.fi\/index.php?rest_route=\/wp\/v2\/pages\/653"}],"collection":[{"href":"https:\/\/www.markkurantahalvari.fi\/index.php?rest_route=\/wp\/v2\/pages"}],"about":[{"href":"https:\/\/www.markkurantahalvari.fi\/index.php?rest_route=\/wp\/v2\/types\/page"}],"author":[{"embeddable":true,"href":"https:\/\/www.markkurantahalvari.fi\/index.php?rest_route=\/wp\/v2\/users\/1"}],"replies":[{"embeddable":true,"href":"https:\/\/www.markkurantahalvari.fi\/index.php?rest_route=%2Fwp%2Fv2%2Fcomments&post=653"}],"version-history":[{"count":4,"href":"https:\/\/www.markkurantahalvari.fi\/index.php?rest_route=\/wp\/v2\/pages\/653\/revisions"}],"predecessor-version":[{"id":734,"href":"https:\/\/www.markkurantahalvari.fi\/index.php?rest_route=\/wp\/v2\/pages\/653\/revisions\/734"}],"wp:attachment":[{"href":"https:\/\/www.markkurantahalvari.fi\/index.php?rest_route=%2Fwp%2Fv2%2Fmedia&parent=653"}],"curies":[{"name":"wp","href":"https:\/\/api.w.org\/{rel}","templated":true}]}}